{"id":1265,"date":"2024-03-28T14:02:35","date_gmt":"2024-03-28T14:02:35","guid":{"rendered":"https:\/\/orbius.premiumthemes.in\/?page_id=1265"},"modified":"2024-12-26T17:26:21","modified_gmt":"2024-12-26T16:26:21","slug":"manga-production","status":"publish","type":"page","link":"https:\/\/cataci.com\/fr\/manga-production\/","title":{"rendered":"Production de manga"},"content":{"rendered":"\t\t<div data-elementor-type=\"wp-page\" data-elementor-id=\"1265\" class=\"elementor elementor-1265\">\n\t\t\t\t<div class=\"elementor-element elementor-element-66045a73 e-con-full e-flex e-con e-parent\" data-id=\"66045a73\" data-element_type=\"container\" data-e-type=\"container\" data-settings=\"{&quot;mk_ext_is_sticky&quot;:&quot;false&quot;}\">\n\t\t<div class=\"elementor-element elementor-element-32f6c72d e-con-full e-flex e-con e-child\" data-id=\"32f6c72d\" data-element_type=\"container\" data-e-type=\"container\" data-settings=\"{&quot;mk_ext_is_sticky&quot;:&quot;false&quot;}\">\n\t\t<div class=\"elementor-element elementor-element-7af664e3 e-flex e-con-boxed e-con e-child\" data-id=\"7af664e3\" data-element_type=\"container\" data-e-type=\"container\" data-settings=\"{&quot;mk_ext_is_sticky&quot;:&quot;false&quot;}\">\n\t\t\t\t\t<div class=\"e-con-inner\">\n\t\t<div class=\"elementor-element elementor-element-482cb5c9 e-flex e-con-boxed e-con e-child\" data-id=\"482cb5c9\" data-element_type=\"container\" data-e-type=\"container\" data-settings=\"{&quot;mk_ext_is_sticky&quot;:&quot;false&quot;}\">\n\t\t\t\t\t<div class=\"e-con-inner\">\n\t\t\t\t<div class=\"elementor-element elementor-element-324cc732 mk-title-align--left elementor-widget elementor-widget-mk_title\" data-id=\"324cc732\" data-element_type=\"widget\" data-e-type=\"widget\" data-settings=\"{&quot;mk_ext_is_infinite&quot;:&quot;false&quot;,&quot;mk_ext_is_scrollme&quot;:&quot;false&quot;}\" data-widget_type=\"mk_title.default\">\n\t\t\t\t<div class=\"elementor-widget-container\">\n\t\t\t\t\t<div class=\"mk-title mk-title-default\"><h2 class=\"mk-title-heading swm-hide-none\"><span>Pourquoi nous choisir pour vos projets de publication?<\/span><\/h2><div class=\"mk-title-desc swm-hide-none\"><span>Nous sommes polyvalents et pouvons travailler sur divers projets de publication de manga : sh\u014dnen, sh\u014djo, seinen, gekiga, etc. Si nous ne pouvons pas prendre en charge votre projet en raison de contraintes de temps, ne vous inqui\u00e9tez pas. En tant qu'agence, nous vous pr\u00e9senterons un artiste de manga parfaitement adapt\u00e9 \u00e0 votre projet, gr\u00e2ce \u00e0 notre vaste r\u00e9seau parmi les meilleurs artistes de manga.<\/span><\/div><\/div>\t\t\t\t<\/div>\n\t\t\t\t<\/div>\n\t\t\t\t\t<\/div>\n\t\t\t\t<\/div>\n\t\t<div class=\"elementor-element elementor-element-293b497 e-flex e-con-boxed e-con e-child\" data-id=\"293b497\" data-element_type=\"container\" data-e-type=\"container\" data-settings=\"{&quot;mk_ext_is_sticky&quot;:&quot;false&quot;}\">\n\t\t\t\t\t<div class=\"e-con-inner\">\n\t\t\t\t<div class=\"elementor-element elementor-element-35220745 elementor-widget elementor-widget-mk_service_list_simple\" data-id=\"35220745\" data-element_type=\"widget\" data-e-type=\"widget\" data-settings=\"{&quot;mk_ext_is_infinite&quot;:&quot;false&quot;,&quot;mk_ext_is_scrollme&quot;:&quot;false&quot;}\" data-widget_type=\"mk_service_list_simple.default\">\n\t\t\t\t<div class=\"elementor-widget-container\">\n\t\t\t\t\t<div class=\"mk-service-list-simple\"><div class=\"mk-service-list-simple-item\"><h4 class=\"mk-service-list-simple-title swm-hide-none\">Polyvalence<\/h4><\/div><div class=\"mk-service-list-simple-item\"><h4 class=\"mk-service-list-simple-title swm-hide-none\">Communication facile<\/h4><\/div><div class=\"mk-service-list-simple-item\"><h4 class=\"mk-service-list-simple-title swm-hide-none\">Connexion avec d'autres artiste<\/h4><\/div><\/div>\t\t\t\t<\/div>\n\t\t\t\t<\/div>\n\t\t\t\t<div class=\"elementor-element elementor-element-4b0926c8 elementor-widget elementor-widget-mk_service_list_simple\" data-id=\"4b0926c8\" data-element_type=\"widget\" data-e-type=\"widget\" data-settings=\"{&quot;mk_ext_is_infinite&quot;:&quot;false&quot;,&quot;mk_ext_is_scrollme&quot;:&quot;false&quot;}\" data-widget_type=\"mk_service_list_simple.default\">\n\t\t\t\t<div class=\"elementor-widget-container\">\n\t\t\t\t\t<div class=\"mk-service-list-simple\"><div class=\"mk-service-list-simple-item\"><a href=\"https:\/\/cataci.com\/en\/our-services\/\"><\/a><h4 class=\"mk-service-list-simple-title swm-hide-none\">Fiabilit\u00e9 et ponctualit\u00e9<\/h4><\/div><div class=\"mk-service-list-simple-item\"><a href=\"https:\/\/cataci.com\/en\/our-services\/\"><\/a><h4 class=\"mk-service-list-simple-title swm-hide-none\">Pr\u00e9sence internationale<\/h4><\/div><div class=\"mk-service-list-simple-item\"><a href=\"https:\/\/cataci.com\/en\/our-services\/\"><\/a><h4 class=\"mk-service-list-simple-title swm-hide-none\">Ma\u00eetres du manga<\/h4><\/div><\/div>\t\t\t\t<\/div>\n\t\t\t\t<\/div>\n\t\t\t\t\t<\/div>\n\t\t\t\t<\/div>\n\t\t\t\t\t<\/div>\n\t\t\t\t<\/div>\n\t\t<div class=\"elementor-element elementor-element-7074fa26 e-flex e-con-boxed e-con e-child\" data-id=\"7074fa26\" data-element_type=\"container\" data-e-type=\"container\" data-settings=\"{&quot;mk_ext_is_sticky&quot;:&quot;false&quot;}\">\n\t\t\t\t\t<div class=\"e-con-inner\">\n\t\t<div class=\"elementor-element elementor-element-153499c e-con-full e-flex e-con e-child\" data-id=\"153499c\" data-element_type=\"container\" data-e-type=\"container\" data-settings=\"{&quot;background_background&quot;:&quot;classic&quot;,&quot;mk_ext_is_sticky&quot;:&quot;false&quot;}\">\n\t\t\t\t<div class=\"elementor-element elementor-element-b2f145b elementor-widget elementor-widget-image\" data-id=\"b2f145b\" data-element_type=\"widget\" data-e-type=\"widget\" data-settings=\"{&quot;mk_ext_is_infinite&quot;:&quot;false&quot;,&quot;mk_ext_is_scrollme&quot;:&quot;false&quot;}\" data-widget_type=\"image.default\">\n\t\t\t\t<div class=\"elementor-widget-container\">\n\t\t\t\t\t\t\t\t\t\t\t\t\t\t\t<img fetchpriority=\"high\" decoding=\"async\" width=\"1024\" height=\"1024\" src=\"https:\/\/cataci.com\/fr\/wp-content\/uploads\/2024\/09\/shonen-manga-artist.webp\" class=\"attachment-large size-large wp-image-4182\" alt=\"\" srcset=\"https:\/\/cataci.com\/fr\/wp-content\/uploads\/2024\/09\/shonen-manga-artist.webp 1024w, https:\/\/cataci.com\/fr\/wp-content\/uploads\/2024\/09\/shonen-manga-artist-300x300.webp 300w, https:\/\/cataci.com\/fr\/wp-content\/uploads\/2024\/09\/shonen-manga-artist-150x150.webp 150w, https:\/\/cataci.com\/fr\/wp-content\/uploads\/2024\/09\/shonen-manga-artist-768x768.webp 768w, https:\/\/cataci.com\/fr\/wp-content\/uploads\/2024\/09\/shonen-manga-artist-100x100.webp 100w, https:\/\/cataci.com\/fr\/wp-content\/uploads\/2024\/09\/shonen-manga-artist-750x750.webp 750w\" sizes=\"(max-width: 1024px) 100vw, 1024px\" \/>\t\t\t\t\t\t\t\t\t\t\t\t\t\t\t<\/div>\n\t\t\t\t<\/div>\n\t\t\t\t<\/div>\n\t\t\t\t\t<\/div>\n\t\t\t\t<\/div>\n\t\t\t\t<\/div>\n\t\t<div class=\"elementor-element elementor-element-653c2e01 e-con-full e-flex e-con e-child\" data-id=\"653c2e01\" data-element_type=\"container\" data-e-type=\"container\" data-settings=\"{&quot;background_background&quot;:&quot;classic&quot;,&quot;mk_ext_is_sticky&quot;:&quot;false&quot;}\">\n\t\t\t\t<\/div>\n\t\t\t\t<\/div>\n\t\t<div class=\"elementor-element elementor-element-1c1da09 e-flex e-con-boxed e-con e-parent\" data-id=\"1c1da09\" data-element_type=\"container\" data-e-type=\"container\" data-settings=\"{&quot;mk_ext_is_sticky&quot;:&quot;false&quot;}\">\n\t\t\t\t\t<div class=\"e-con-inner\">\n\t\t\t\t<div class=\"elementor-element elementor-element-0129020 elementor-widget elementor-widget-spacer\" data-id=\"0129020\" data-element_type=\"widget\" data-e-type=\"widget\" data-settings=\"{&quot;mk_ext_is_infinite&quot;:&quot;false&quot;,&quot;mk_ext_is_scrollme&quot;:&quot;false&quot;}\" data-widget_type=\"spacer.default\">\n\t\t\t\t<div class=\"elementor-widget-container\">\n\t\t\t\t\t\t\t<div class=\"elementor-spacer\">\n\t\t\t<div class=\"elementor-spacer-inner\"><\/div>\n\t\t<\/div>\n\t\t\t\t\t\t<\/div>\n\t\t\t\t<\/div>\n\t\t\t\t<div class=\"elementor-element elementor-element-3c4784c elementor-widget elementor-widget-heading\" data-id=\"3c4784c\" data-element_type=\"widget\" data-e-type=\"widget\" data-settings=\"{&quot;mk_ext_is_infinite&quot;:&quot;false&quot;,&quot;mk_ext_is_scrollme&quot;:&quot;false&quot;}\" data-widget_type=\"heading.default\">\n\t\t\t\t<div class=\"elementor-widget-container\">\n\t\t\t\t\t<h5 class=\"elementor-heading-title elementor-size-default\">Menu pour les projets de publication<\/h5>\t\t\t\t<\/div>\n\t\t\t\t<\/div>\n\t\t\t\t<div class=\"elementor-element elementor-element-f31d76f elementor-widget-divider--view-line elementor-widget elementor-widget-divider\" data-id=\"f31d76f\" data-element_type=\"widget\" data-e-type=\"widget\" data-settings=\"{&quot;mk_ext_is_infinite&quot;:&quot;false&quot;,&quot;mk_ext_is_scrollme&quot;:&quot;false&quot;}\" data-widget_type=\"divider.default\">\n\t\t\t\t<div class=\"elementor-widget-container\">\n\t\t\t\t\t\t\t<div class=\"elementor-divider\">\n\t\t\t<span class=\"elementor-divider-separator\">\n\t\t\t\t\t\t<\/span>\n\t\t<\/div>\n\t\t\t\t\t\t<\/div>\n\t\t\t\t<\/div>\n\t\t<div class=\"elementor-element elementor-element-e2364de e-grid e-con-full e-con e-child\" data-id=\"e2364de\" data-element_type=\"container\" data-e-type=\"container\" data-settings=\"{&quot;mk_ext_is_sticky&quot;:&quot;false&quot;}\">\n\t\t<div class=\"elementor-element elementor-element-4411fe4 e-con-full e-flex e-con e-child\" data-id=\"4411fe4\" data-element_type=\"container\" data-e-type=\"container\" data-settings=\"{&quot;mk_ext_is_sticky&quot;:&quot;false&quot;}\">\n\t\t\t\t<div class=\"elementor-element elementor-element-4104c35 mk-title-align--left elementor-widget elementor-widget-mk_title\" data-id=\"4104c35\" data-element_type=\"widget\" data-e-type=\"widget\" data-settings=\"{&quot;mk_ext_is_infinite&quot;:&quot;false&quot;,&quot;mk_ext_is_scrollme&quot;:&quot;false&quot;}\" data-widget_type=\"mk_title.default\">\n\t\t\t\t<div class=\"elementor-widget-container\">\n\t\t\t\t\t<div class=\"mk-title mk-title-default\"><div class=\"mk-title-subtitle swm-hide-none\">livres, magazines, m\u00e9dias num\u00e9riques<\/div><h6 class=\"mk-title-heading swm-hide-none\"><span>Illustration de manga<\/span><\/h6><div class=\"mk-title-desc swm-hide-none\"><span>Nous cr\u00e9ons des illustrations de manga personnalis\u00e9es pour des livres, des magazines, des m\u00e9dias num\u00e9riques et plus encore. Par exemple, nous pouvons concevoir des personnages originaux bas\u00e9s sur vos descriptions.<\/span><\/div><\/div>\t\t\t\t<\/div>\n\t\t\t\t<\/div>\n\t\t\t\t<\/div>\n\t\t\t\t<div class=\"elementor-element elementor-element-dd4f970 mk-title-align--left elementor-widget elementor-widget-mk_title\" data-id=\"dd4f970\" data-element_type=\"widget\" data-e-type=\"widget\" data-settings=\"{&quot;mk_ext_is_infinite&quot;:&quot;false&quot;,&quot;mk_ext_is_scrollme&quot;:&quot;false&quot;}\" data-widget_type=\"mk_title.default\">\n\t\t\t\t<div class=\"elementor-widget-container\">\n\t\t\t\t\t<div class=\"mk-title mk-title-default\"><div class=\"mk-title-subtitle swm-hide-none\">X, YouTube, m\u00e9dias sociaux, etc.<\/div><h6 class=\"mk-title-heading swm-hide-none\"><span>Manga court<\/span><\/h6><div class=\"mk-title-desc swm-hide-none\"><span>Nous cr\u00e9ons des mangas courts pour des plateformes comme X (anciennement Twitter), YouTube ou d'autres m\u00e9dias sociaux. Ceux-ci peuvent \u00eatre bas\u00e9s sur vos histoires, ou nous pouvons d\u00e9velopper de nouvelles histoires \u00e0 partir de z\u00e9ro.<\/span><\/div><\/div>\t\t\t\t<\/div>\n\t\t\t\t<\/div>\n\t\t\t\t<div class=\"elementor-element elementor-element-2dcf51e mk-title-align--left elementor-widget elementor-widget-mk_title\" data-id=\"2dcf51e\" data-element_type=\"widget\" data-e-type=\"widget\" data-settings=\"{&quot;mk_ext_is_infinite&quot;:&quot;false&quot;,&quot;mk_ext_is_scrollme&quot;:&quot;false&quot;}\" data-widget_type=\"mk_title.default\">\n\t\t\t\t<div class=\"elementor-widget-container\">\n\t\t\t\t\t<div class=\"mk-title mk-title-default\"><div class=\"mk-title-subtitle swm-hide-none\">S\u00e9rie de bandes dessin\u00e9es<\/div><h6 class=\"mk-title-heading swm-hide-none\"><span>Manga long<\/span><\/h6><div class=\"mk-title-desc swm-hide-none\"><span>Le manga long fait r\u00e9f\u00e9rence au manga japonais traditionnel cr\u00e9\u00e9 sous forme s\u00e9rialis\u00e9e ou \u00e9tendue, souvent bas\u00e9 sur des romans ou d'autres contenus. Ces projets prennent g\u00e9n\u00e9ralement de 6 mois \u00e0 un an pour \u00eatre compl\u00e9t\u00e9s. Bien que le studio Cataci ne prenne g\u00e9n\u00e9ralement pas en charge les projets de manga long, nous pouvons vous aider \u00e0 trouver l'artiste parfait pour collaborer selon vos besoins.<\/span><\/div><\/div>\t\t\t\t<\/div>\n\t\t\t\t<\/div>\n\t\t\t\t<\/div>\n\t\t\t\t\t<\/div>\n\t\t\t\t<\/div>\n\t\t<div class=\"elementor-element elementor-element-49aec303 e-con-full e-flex e-con e-parent\" data-id=\"49aec303\" data-element_type=\"container\" data-e-type=\"container\" data-settings=\"{&quot;background_background&quot;:&quot;classic&quot;,&quot;mk_ext_is_sticky&quot;:&quot;false&quot;}\">\n\t\t<div class=\"elementor-element elementor-element-650b54a0 e-con-full e-flex e-con e-child\" data-id=\"650b54a0\" data-element_type=\"container\" data-e-type=\"container\" data-settings=\"{&quot;mk_ext_is_sticky&quot;:&quot;false&quot;}\">\n\t\t<div class=\"elementor-element elementor-element-558565b2 e-flex e-con-boxed e-con e-child\" data-id=\"558565b2\" data-element_type=\"container\" data-e-type=\"container\" data-settings=\"{&quot;mk_ext_is_sticky&quot;:&quot;false&quot;}\">\n\t\t\t\t\t<div class=\"e-con-inner\">\n\t\t\t\t<div class=\"elementor-element elementor-element-4dac7985 mk-title-align--left elementor-widget elementor-widget-mk_title\" data-id=\"4dac7985\" data-element_type=\"widget\" data-e-type=\"widget\" data-settings=\"{&quot;mk_ext_is_infinite&quot;:&quot;false&quot;,&quot;mk_ext_is_scrollme&quot;:&quot;false&quot;}\" data-widget_type=\"mk_title.default\">\n\t\t\t\t<div class=\"elementor-widget-container\">\n\t\t\t\t\t<div class=\"mk-title mk-title-default\"><h2 class=\"mk-title-heading swm-hide-none\"><span>Vous avez un projet?\nParlons-en<\/span><\/h2><\/div>\t\t\t\t<\/div>\n\t\t\t\t<\/div>\n\t\t\t\t\t<\/div>\n\t\t\t\t<\/div>\n\t\t\t\t<\/div>\n\t\t<div class=\"elementor-element elementor-element-405c1d10 e-con-full e-flex e-con e-child\" data-id=\"405c1d10\" data-element_type=\"container\" data-e-type=\"container\" data-settings=\"{&quot;mk_ext_is_sticky&quot;:&quot;false&quot;}\">\n\t\t\t\t<div class=\"elementor-element elementor-element-4528b2cc mk-service-list-icon-top mk-service-list-icon-horizontal-center elementor-widget elementor-widget-mk_service_list\" data-id=\"4528b2cc\" data-element_type=\"widget\" data-e-type=\"widget\" data-settings=\"{&quot;mk_ext_is_infinite&quot;:&quot;false&quot;,&quot;mk_ext_is_scrollme&quot;:&quot;false&quot;}\" data-widget_type=\"mk_service_list.default\">\n\t\t\t\t<div class=\"elementor-widget-container\">\n\t\t\t\t\t        <div class=\"mk-service-list-container\">\n            <ul class=\"mk-list-items\">\n                                                            <li class=\"mk-service-list-item\">\n                            <div class=\"mk-service-list-item-inner elementor-repeater-item-7a42325\">\n                                                                <div class=\"mk-servicelist-icon-outer\">\n                                        <div class=\"mk-servicelist-icon-wrapper swm-anim\">\n\n                                            <span class=\"mk-service-list-image\"><img decoding=\"async\" width=\"40\" height=\"40\" src=\"https:\/\/cataci.com\/fr\/wp-content\/uploads\/2024\/04\/arrow_1.png\" class=\"attachment-full size-full\" alt=\"arrow_1\" \/><\/span>                                        <\/div>\n                                    <\/div>\n\n                                                                <div class=\"mk-servicelist-content-wrapper\">\n                                                                    <a href=\"https:\/\/cataci.com\/fr\/contact\/\">\n                                                                <h3 class=\"mk-service-list-title swm-anim\">\n                                                                            <a href=\"https:\/\/www.cataci.com\/en\/contact\/\">Contactez-nous<br>d\u00e8s maintenant<\/a>                                                                    <\/h3>\n                                <div class=\"mk-service-list-description\"><\/div>                                                                <\/a>                            <\/div>\n                            <\/div>\n                        <\/li>\n                                                <\/ul>\n        <\/div>\n        \t\t\t\t<\/div>\n\t\t\t\t<\/div>\n\t\t\t\t<\/div>\n\t\t\t\t<\/div>\n\t\t<div class=\"elementor-element elementor-element-f3fe40f e-flex e-con-boxed e-con e-parent\" data-id=\"f3fe40f\" data-element_type=\"container\" data-e-type=\"container\" data-settings=\"{&quot;mk_ext_is_sticky&quot;:&quot;false&quot;}\">\n\t\t\t\t\t<div class=\"e-con-inner\">\n\t\t\t\t\t<\/div>\n\t\t\t\t<\/div>\n\t\t\t\t<\/div>\n\t\t","protected":false},"excerpt":{"rendered":"<p>Pourquoi nous choisir pour vos projets de publication? Nous sommes polyvalents et pouvons travailler sur divers projets de publication de manga : sh\u014dnen, sh\u014djo, seinen, gekiga, etc. Si nous ne pouvons pas prendre en charge votre projet en raison de contraintes de temps, ne vous inqui\u00e9tez pas. En tant qu&rsquo;agence, [&hellip;]<\/p>\n","protected":false},"author":1,"featured_media":0,"parent":0,"menu_order":0,"comment_status":"closed","ping_status":"closed","template":"elementor_header_footer","meta":{"footnotes":""},"class_list":["post-1265","page","type-page","status-publish","hentry"],"yoast_head":"<!-- This site is optimized with the Yoast SEO plugin v24.1 - https:\/\/yoast.com\/wordpress\/plugins\/seo\/ -->\n<title>Production de manga - Studio japonais de manga et d\u2019animation pour les marques, \u00e9diteurs et institutions | CATACI<\/title>\n<meta name=\"robots\" content=\"index, follow, max-snippet:-1, max-image-preview:large, max-video-preview:-1\" \/>\n<link rel=\"canonical\" href=\"https:\/\/cataci.com\/fr\/manga-production\/\" \/>\n<meta property=\"og:locale\" content=\"fr_FR\" \/>\n<meta property=\"og:type\" content=\"article\" \/>\n<meta property=\"og:title\" content=\"Production de manga - Studio japonais de manga et d\u2019animation pour les marques, \u00e9diteurs et institutions | CATACI\" \/>\n<meta property=\"og:description\" content=\"Pourquoi nous choisir pour vos projets de publication? Nous sommes polyvalents et pouvons travailler sur divers projets de publication de manga : sh\u014dnen, sh\u014djo, seinen, gekiga, etc. Si nous ne pouvons pas prendre en charge votre projet en raison de contraintes de temps, ne vous inqui\u00e9tez pas. En tant qu&rsquo;agence, [&hellip;]\" \/>\n<meta property=\"og:url\" content=\"https:\/\/cataci.com\/fr\/manga-production\/\" \/>\n<meta property=\"og:site_name\" content=\"Studio japonais de manga et d\u2019animation pour les marques, \u00e9diteurs et institutions | CATACI\" \/>\n<meta property=\"article:modified_time\" content=\"2024-12-26T16:26:21+00:00\" \/>\n<meta property=\"og:image\" content=\"https:\/\/cataci.com\/fr\/wp-content\/uploads\/2024\/09\/shonen-manga-artist.webp\" \/>\n\t<meta property=\"og:image:width\" content=\"1024\" \/>\n\t<meta property=\"og:image:height\" content=\"1024\" \/>\n\t<meta property=\"og:image:type\" content=\"image\/webp\" \/>\n<meta name=\"twitter:card\" content=\"summary_large_image\" \/>\n<meta name=\"twitter:label1\" content=\"Dur\u00e9e de lecture estim\u00e9e\" \/>\n\t<meta name=\"twitter:data1\" content=\"2 minutes\" \/>\n<script type=\"application\/ld+json\" class=\"yoast-schema-graph\">{\"@context\":\"https:\/\/schema.org\",\"@graph\":[{\"@type\":\"WebPage\",\"@id\":\"https:\/\/cataci.com\/fr\/manga-production\/\",\"url\":\"https:\/\/cataci.com\/fr\/manga-production\/\",\"name\":\"Production de manga - Studio japonais de manga et d\u2019animation pour les marques, \u00e9diteurs et institutions | CATACI\",\"isPartOf\":{\"@id\":\"https:\/\/cataci.com\/en\/#website\"},\"primaryImageOfPage\":{\"@id\":\"https:\/\/cataci.com\/fr\/manga-production\/#primaryimage\"},\"image\":{\"@id\":\"https:\/\/cataci.com\/fr\/manga-production\/#primaryimage\"},\"thumbnailUrl\":\"https:\/\/cataci.com\/fr\/wp-content\/uploads\/2024\/09\/shonen-manga-artist.webp\",\"datePublished\":\"2024-03-28T14:02:35+00:00\",\"dateModified\":\"2024-12-26T16:26:21+00:00\",\"breadcrumb\":{\"@id\":\"https:\/\/cataci.com\/fr\/manga-production\/#breadcrumb\"},\"inLanguage\":\"fr-FR\",\"potentialAction\":[{\"@type\":\"ReadAction\",\"target\":[\"https:\/\/cataci.com\/fr\/manga-production\/\"]}]},{\"@type\":\"ImageObject\",\"inLanguage\":\"fr-FR\",\"@id\":\"https:\/\/cataci.com\/fr\/manga-production\/#primaryimage\",\"url\":\"https:\/\/cataci.com\/fr\/wp-content\/uploads\/2024\/09\/shonen-manga-artist.webp\",\"contentUrl\":\"https:\/\/cataci.com\/fr\/wp-content\/uploads\/2024\/09\/shonen-manga-artist.webp\",\"width\":1024,\"height\":1024},{\"@type\":\"BreadcrumbList\",\"@id\":\"https:\/\/cataci.com\/fr\/manga-production\/#breadcrumb\",\"itemListElement\":[{\"@type\":\"ListItem\",\"position\":1,\"name\":\"Accueil\",\"item\":\"https:\/\/cataci.com\/fr\/\"},{\"@type\":\"ListItem\",\"position\":2,\"name\":\"Production de manga\"}]},{\"@type\":\"WebSite\",\"@id\":\"https:\/\/cataci.com\/en\/#website\",\"url\":\"https:\/\/cataci.com\/en\/\",\"name\":\"Studio japonais de manga et d\u2019animation pour les marques, \u00e9diteurs et institutions | CATACI\",\"description\":\"Sp\u00e9cialis\u00e9e dans la publicit\u00e9, les illustrations de livres et les m\u00e9dias sociaux\",\"potentialAction\":[{\"@type\":\"SearchAction\",\"target\":{\"@type\":\"EntryPoint\",\"urlTemplate\":\"https:\/\/cataci.com\/en\/?s={search_term_string}\"},\"query-input\":{\"@type\":\"PropertyValueSpecification\",\"valueRequired\":true,\"valueName\":\"search_term_string\"}}],\"inLanguage\":\"fr-FR\"}]}<\/script>\n<!-- \/ Yoast SEO plugin. -->","yoast_head_json":{"title":"Production de manga - Studio japonais de manga et d\u2019animation pour les marques, \u00e9diteurs et institutions | CATACI","robots":{"index":"index","follow":"follow","max-snippet":"max-snippet:-1","max-image-preview":"max-image-preview:large","max-video-preview":"max-video-preview:-1"},"canonical":"https:\/\/cataci.com\/fr\/manga-production\/","og_locale":"fr_FR","og_type":"article","og_title":"Production de manga - Studio japonais de manga et d\u2019animation pour les marques, \u00e9diteurs et institutions | CATACI","og_description":"Pourquoi nous choisir pour vos projets de publication? Nous sommes polyvalents et pouvons travailler sur divers projets de publication de manga : sh\u014dnen, sh\u014djo, seinen, gekiga, etc. Si nous ne pouvons pas prendre en charge votre projet en raison de contraintes de temps, ne vous inqui\u00e9tez pas. En tant qu&rsquo;agence, [&hellip;]","og_url":"https:\/\/cataci.com\/fr\/manga-production\/","og_site_name":"Studio japonais de manga et d\u2019animation pour les marques, \u00e9diteurs et institutions | CATACI","article_modified_time":"2024-12-26T16:26:21+00:00","og_image":[{"width":1024,"height":1024,"url":"https:\/\/cataci.com\/fr\/wp-content\/uploads\/2024\/09\/shonen-manga-artist.webp","type":"image\/webp"}],"twitter_card":"summary_large_image","twitter_misc":{"Dur\u00e9e de lecture estim\u00e9e":"2 minutes"},"schema":{"@context":"https:\/\/schema.org","@graph":[{"@type":"WebPage","@id":"https:\/\/cataci.com\/fr\/manga-production\/","url":"https:\/\/cataci.com\/fr\/manga-production\/","name":"Production de manga - Studio japonais de manga et d\u2019animation pour les marques, \u00e9diteurs et institutions | CATACI","isPartOf":{"@id":"https:\/\/cataci.com\/en\/#website"},"primaryImageOfPage":{"@id":"https:\/\/cataci.com\/fr\/manga-production\/#primaryimage"},"image":{"@id":"https:\/\/cataci.com\/fr\/manga-production\/#primaryimage"},"thumbnailUrl":"https:\/\/cataci.com\/fr\/wp-content\/uploads\/2024\/09\/shonen-manga-artist.webp","datePublished":"2024-03-28T14:02:35+00:00","dateModified":"2024-12-26T16:26:21+00:00","breadcrumb":{"@id":"https:\/\/cataci.com\/fr\/manga-production\/#breadcrumb"},"inLanguage":"fr-FR","potentialAction":[{"@type":"ReadAction","target":["https:\/\/cataci.com\/fr\/manga-production\/"]}]},{"@type":"ImageObject","inLanguage":"fr-FR","@id":"https:\/\/cataci.com\/fr\/manga-production\/#primaryimage","url":"https:\/\/cataci.com\/fr\/wp-content\/uploads\/2024\/09\/shonen-manga-artist.webp","contentUrl":"https:\/\/cataci.com\/fr\/wp-content\/uploads\/2024\/09\/shonen-manga-artist.webp","width":1024,"height":1024},{"@type":"BreadcrumbList","@id":"https:\/\/cataci.com\/fr\/manga-production\/#breadcrumb","itemListElement":[{"@type":"ListItem","position":1,"name":"Accueil","item":"https:\/\/cataci.com\/fr\/"},{"@type":"ListItem","position":2,"name":"Production de manga"}]},{"@type":"WebSite","@id":"https:\/\/cataci.com\/en\/#website","url":"https:\/\/cataci.com\/en\/","name":"Studio japonais de manga et d\u2019animation pour les marques, \u00e9diteurs et institutions | CATACI","description":"Sp\u00e9cialis\u00e9e dans la publicit\u00e9, les illustrations de livres et les m\u00e9dias sociaux","potentialAction":[{"@type":"SearchAction","target":{"@type":"EntryPoint","urlTemplate":"https:\/\/cataci.com\/en\/?s={search_term_string}"},"query-input":{"@type":"PropertyValueSpecification","valueRequired":true,"valueName":"search_term_string"}}],"inLanguage":"fr-FR"}]}},"_links":{"self":[{"href":"https:\/\/cataci.com\/fr\/wp-json\/wp\/v2\/pages\/1265","targetHints":{"allow":["GET"]}}],"collection":[{"href":"https:\/\/cataci.com\/fr\/wp-json\/wp\/v2\/pages"}],"about":[{"href":"https:\/\/cataci.com\/fr\/wp-json\/wp\/v2\/types\/page"}],"author":[{"embeddable":true,"href":"https:\/\/cataci.com\/fr\/wp-json\/wp\/v2\/users\/1"}],"replies":[{"embeddable":true,"href":"https:\/\/cataci.com\/fr\/wp-json\/wp\/v2\/comments?post=1265"}],"version-history":[{"count":52,"href":"https:\/\/cataci.com\/fr\/wp-json\/wp\/v2\/pages\/1265\/revisions"}],"predecessor-version":[{"id":5623,"href":"https:\/\/cataci.com\/fr\/wp-json\/wp\/v2\/pages\/1265\/revisions\/5623"}],"wp:attachment":[{"href":"https:\/\/cataci.com\/fr\/wp-json\/wp\/v2\/media?parent=1265"}],"curies":[{"name":"wp","href":"https:\/\/api.w.org\/{rel}","templated":true}]}}