{"id":1252,"date":"2024-03-28T14:05:05","date_gmt":"2024-03-28T14:05:05","guid":{"rendered":"https:\/\/orbius.premiumthemes.in\/?page_id=1252"},"modified":"2024-12-21T00:35:17","modified_gmt":"2024-12-20T23:35:17","slug":"projets-recents","status":"publish","type":"page","link":"https:\/\/cataci.com\/fr\/projets-recents\/","title":{"rendered":"Projets r\u00e9cents"},"content":{"rendered":"\t\t<div data-elementor-type=\"wp-page\" data-elementor-id=\"1252\" class=\"elementor elementor-1252\">\n\t\t\t\t<div class=\"elementor-element elementor-element-cc32f4d e-flex e-con-boxed e-con e-parent\" data-id=\"cc32f4d\" data-element_type=\"container\" data-e-type=\"container\" data-settings=\"{&quot;mk_ext_is_sticky&quot;:&quot;false&quot;}\">\n\t\t\t\t\t<div class=\"e-con-inner\">\n\t\t\t\t<div class=\"elementor-element elementor-element-e9adfe4 elementor-widget elementor-widget-heading\" data-id=\"e9adfe4\" data-element_type=\"widget\" data-e-type=\"widget\" data-settings=\"{&quot;mk_ext_is_infinite&quot;:&quot;false&quot;,&quot;mk_ext_is_scrollme&quot;:&quot;false&quot;}\" data-widget_type=\"heading.default\">\n\t\t\t\t<div class=\"elementor-widget-container\">\n\t\t\t\t\t<h2 class=\"elementor-heading-title elementor-size-default\">Projets s\u00e9lectionn\u00e9s<\/h2>\t\t\t\t<\/div>\n\t\t\t\t<\/div>\n\t\t\t\t\t<\/div>\n\t\t\t\t<\/div>\n\t\t<div class=\"elementor-element elementor-element-75dea26 e-con-full e-flex e-con e-parent\" data-id=\"75dea26\" data-element_type=\"container\" data-e-type=\"container\" data-settings=\"{&quot;mk_ext_is_sticky&quot;:&quot;false&quot;}\">\n\t\t\t\t<div class=\"elementor-element elementor-element-92bb291 elementor-widget-tablet__width-initial elementor-widget-mobile__width-initial elementor-widget elementor-widget-text-editor\" data-id=\"92bb291\" data-element_type=\"widget\" data-e-type=\"widget\" data-settings=\"{&quot;mk_ext_is_infinite&quot;:&quot;false&quot;,&quot;mk_ext_is_scrollme&quot;:&quot;false&quot;}\" data-widget_type=\"text-editor.default\">\n\t\t\t\t<div class=\"elementor-widget-container\">\n\t\t\t\t\t\t\t\t\t<p>&lt;&lt; Scroll&gt;&gt;<\/p>\t\t\t\t\t\t\t\t<\/div>\n\t\t\t\t<\/div>\n\t\t\t\t<\/div>\n\t\t<div class=\"elementor-element elementor-element-28a6ca59 e-con-full e-flex e-con e-parent\" data-id=\"28a6ca59\" data-element_type=\"container\" data-e-type=\"container\" data-settings=\"{&quot;mk_ext_is_sticky&quot;:&quot;false&quot;}\">\n\t\t\t\t<div class=\"elementor-element elementor-element-7d83b15f mk-pf-slider-st1 mk-portfolio-image-zoom-yes elementor-widget elementor-widget-mk_portfolio_slider\" data-id=\"7d83b15f\" data-element_type=\"widget\" data-e-type=\"widget\" data-settings=\"{&quot;slides_per_view&quot;:&quot;4&quot;,&quot;slides_per_view_tablet&quot;:&quot;2&quot;,&quot;slides_per_view_mobile&quot;:&quot;1&quot;,&quot;mk_ext_is_infinite&quot;:&quot;false&quot;,&quot;mk_ext_is_scrollme&quot;:&quot;false&quot;}\" data-widget_type=\"mk_portfolio_slider.default\">\n\t\t\t\t<div class=\"elementor-widget-container\">\n\t\t\t\t\t<div class=\"mk-portfolio-slider-holder\">\n                <div class=\"swiper swiper-container mk-portfolio-slider\" data-settings=\"{&quot;direction&quot;:&quot;horizontal&quot;,&quot;parallax&quot;:&quot;no&quot;,&quot;effect&quot;:&quot;slide&quot;,&quot;arrows_on&quot;:&quot;&quot;,&quot;dots&quot;:&quot;&quot;,&quot;autoplay&quot;:&quot;yes&quot;,&quot;autoplay_speed&quot;:5000,&quot;speed&quot;:1000,&quot;mousewheel&quot;:&quot;no&quot;,&quot;loop&quot;:&quot;yes&quot;,&quot;pause_on_hover&quot;:&quot;no&quot;,&quot;slides_to_show&quot;:&quot;4&quot;,&quot;slides_to_show_tablet&quot;:&quot;2&quot;,&quot;slides_to_show_mobile&quot;:&quot;1&quot;,&quot;slider_next&quot;:&quot;.mk-slider-next&quot;,&quot;slider_prev&quot;:&quot;.mk-slider-prev&quot;,&quot;slider_pagination&quot;:&quot;.swiper-pagination&quot;,&quot;centered_slides&quot;:&quot;no&quot;,&quot;video&quot;:&quot;no&quot;,&quot;image_spacing&quot;:{&quot;unit&quot;:&quot;px&quot;,&quot;size&quot;:50,&quot;sizes&quot;:[]}}\" id=\"swiper-7d83b15f\">\n                    <div class=\"swiper-wrapper mk--drag-cursor\"><div class=\"mk-swiper-item swiper-slide\"><div class=\"mk-portfolio-slider-wrapper\"><div class=\"mk-portfolio-slider-img-holder\">\n                                <div class=\"mk-portfolio-slider-img\"><img fetchpriority=\"high\" decoding=\"async\" width=\"750\" height=\"1056\" src=\"https:\/\/cataci.com\/fr\/wp-content\/uploads\/2024\/09\/image003.jpg\" class=\"attachment-full size-full\" alt=\"\" srcset=\"https:\/\/cataci.com\/fr\/wp-content\/uploads\/2024\/09\/image003.jpg 750w, https:\/\/cataci.com\/fr\/wp-content\/uploads\/2024\/09\/image003-213x300.jpg 213w, https:\/\/cataci.com\/fr\/wp-content\/uploads\/2024\/09\/image003-727x1024.jpg 727w\" sizes=\"(max-width: 750px) 100vw, 750px\" \/><a href=\"https:\/\/cataci.com\/fr\/portfolio-item\/knorr-3minutes\/\" class=\"mk-pf-slider-image-link\"><\/a><\/div><div class=\"mk-pf-slider-content\">\n                    <div class=\"mk-pf-slider-title-subtitle\"><h4 class=\"mk-pf-slider-title swm-hide-none\"><a href=\"https:\/\/cataci.com\/fr\/portfolio-item\/knorr-3minutes\/\">Knorr<\/a><\/h4><ul class=\"mk-pf-slider-services swm-hide-none\"><li>Publicit\u00e9<\/li><li> Marketing<\/li><\/ul><\/div>\n            <\/div>\n                            <\/div><\/div><\/div><div class=\"mk-swiper-item swiper-slide\"><div class=\"mk-portfolio-slider-wrapper\"><div class=\"mk-portfolio-slider-img-holder\">\n                                <div class=\"mk-portfolio-slider-img\"><img decoding=\"async\" width=\"750\" height=\"1056\" src=\"https:\/\/cataci.com\/fr\/wp-content\/uploads\/2024\/09\/xsolla-updated.webp\" class=\"attachment-full size-full\" alt=\"\" srcset=\"https:\/\/cataci.com\/fr\/wp-content\/uploads\/2024\/09\/xsolla-updated.webp 750w, https:\/\/cataci.com\/fr\/wp-content\/uploads\/2024\/09\/xsolla-updated-213x300.webp 213w, https:\/\/cataci.com\/fr\/wp-content\/uploads\/2024\/09\/xsolla-updated-727x1024.webp 727w\" sizes=\"(max-width: 750px) 100vw, 750px\" \/><a href=\"https:\/\/cataci.com\/fr\/portfolio-item\/xsolla\/\" class=\"mk-pf-slider-image-link\"><\/a><\/div><div class=\"mk-pf-slider-content\">\n                    <div class=\"mk-pf-slider-title-subtitle\"><h4 class=\"mk-pf-slider-title swm-hide-none\"><a href=\"https:\/\/cataci.com\/fr\/portfolio-item\/xsolla\/\">Xsolla<\/a><\/h4><ul class=\"mk-pf-slider-services swm-hide-none\"><li>Marketing<\/li><li> Branding<\/li><li> Graphismes<\/li><\/ul><\/div>\n            <\/div>\n                            <\/div><\/div><\/div><div class=\"mk-swiper-item swiper-slide\"><div class=\"mk-portfolio-slider-wrapper\"><div class=\"mk-portfolio-slider-img-holder\">\n                                <div class=\"mk-portfolio-slider-img\"><img decoding=\"async\" width=\"750\" height=\"1056\" src=\"https:\/\/cataci.com\/fr\/wp-content\/uploads\/2024\/09\/pearson001-update.png\" class=\"attachment-full size-full\" alt=\"\" srcset=\"https:\/\/cataci.com\/fr\/wp-content\/uploads\/2024\/09\/pearson001-update.png 750w, https:\/\/cataci.com\/fr\/wp-content\/uploads\/2024\/09\/pearson001-update-213x300.png 213w, https:\/\/cataci.com\/fr\/wp-content\/uploads\/2024\/09\/pearson001-update-727x1024.png 727w\" sizes=\"(max-width: 750px) 100vw, 750px\" \/><a href=\"https:\/\/cataci.com\/fr\/portfolio-item\/pearson\/\" class=\"mk-pf-slider-image-link\"><\/a><\/div><div class=\"mk-pf-slider-content\">\n                    <div class=\"mk-pf-slider-title-subtitle\"><h4 class=\"mk-pf-slider-title swm-hide-none\"><a href=\"https:\/\/cataci.com\/fr\/portfolio-item\/pearson\/\">Pearson<\/a><\/h4><ul class=\"mk-pf-slider-services swm-hide-none\"><li>Manuel scolaire<\/li><li> Art num\u00e9rique<\/li><\/ul><\/div>\n            <\/div>\n                            <\/div><\/div><\/div><div class=\"mk-swiper-item swiper-slide\"><div class=\"mk-portfolio-slider-wrapper\"><div class=\"mk-portfolio-slider-img-holder\">\n                                <div class=\"mk-portfolio-slider-img\"><img loading=\"lazy\" decoding=\"async\" width=\"750\" height=\"1056\" src=\"https:\/\/cataci.com\/fr\/wp-content\/uploads\/2024\/08\/Untitled.jpg\" class=\"attachment-full size-full\" alt=\"\" srcset=\"https:\/\/cataci.com\/fr\/wp-content\/uploads\/2024\/08\/Untitled.jpg 750w, https:\/\/cataci.com\/fr\/wp-content\/uploads\/2024\/08\/Untitled-213x300.jpg 213w, https:\/\/cataci.com\/fr\/wp-content\/uploads\/2024\/08\/Untitled-727x1024.jpg 727w\" sizes=\"(max-width: 750px) 100vw, 750px\" \/><a href=\"https:\/\/cataci.com\/fr\/portfolio-item\/running-press-hachette-books\/\" class=\"mk-pf-slider-image-link\"><\/a><\/div><div class=\"mk-pf-slider-content\">\n                    <div class=\"mk-pf-slider-title-subtitle\"><h4 class=\"mk-pf-slider-title swm-hide-none\"><a href=\"https:\/\/cataci.com\/fr\/portfolio-item\/running-press-hachette-books\/\">Running press \/ Hachette<\/a><\/h4><ul class=\"mk-pf-slider-services swm-hide-none\"><li>Illustration de livre\n<\/li><\/ul><\/div>\n            <\/div>\n                            <\/div><\/div><\/div><\/div>\n                    \n                <\/div>\n        <\/div>\t\t\t\t<\/div>\n\t\t\t\t<\/div>\n\t\t\t\t<\/div>\n\t\t\t\t<\/div>\n\t\t","protected":false},"excerpt":{"rendered":"<p>Projets s\u00e9lectionn\u00e9s &lt;&lt; Scroll&gt;&gt; Knorr Publicit\u00e9 Marketing Xsolla Marketing Branding Graphismes Pearson Manuel scolaire Art num\u00e9rique Running press \/ Hachette Illustration de livre<\/p>\n","protected":false},"author":1,"featured_media":0,"parent":0,"menu_order":0,"comment_status":"closed","ping_status":"closed","template":"elementor_header_footer","meta":{"footnotes":""},"class_list":["post-1252","page","type-page","status-publish","hentry"],"yoast_head":"<!-- This site is optimized with the Yoast SEO plugin v24.1 - https:\/\/yoast.com\/wordpress\/plugins\/seo\/ -->\n<title>Projets r\u00e9cents - Studio japonais de manga et d\u2019animation pour les marques, \u00e9diteurs et institutions | CATACI<\/title>\n<meta name=\"robots\" content=\"index, follow, max-snippet:-1, max-image-preview:large, max-video-preview:-1\" \/>\n<link rel=\"canonical\" href=\"https:\/\/cataci.com\/en\/recent-projects\/\" \/>\n<meta property=\"og:locale\" content=\"fr_FR\" \/>\n<meta property=\"og:type\" content=\"article\" \/>\n<meta property=\"og:title\" content=\"Projets r\u00e9cents - Studio japonais de manga et d\u2019animation pour les marques, \u00e9diteurs et institutions | CATACI\" \/>\n<meta property=\"og:description\" content=\"Projets s\u00e9lectionn\u00e9s &lt;&lt; Scroll&gt;&gt; Knorr Publicit\u00e9 Marketing Xsolla Marketing Branding Graphismes Pearson Manuel scolaire Art num\u00e9rique Running press \/ Hachette Illustration de livre\" \/>\n<meta property=\"og:url\" content=\"https:\/\/cataci.com\/en\/recent-projects\/\" \/>\n<meta property=\"og:site_name\" content=\"Studio japonais de manga et d\u2019animation pour les marques, \u00e9diteurs et institutions | CATACI\" \/>\n<meta property=\"article:modified_time\" content=\"2024-12-20T23:35:17+00:00\" \/>\n<meta property=\"og:image\" content=\"https:\/\/cataci.com\/en\/wp-content\/uploads\/2024\/09\/image003.jpg\" \/>\n<meta name=\"twitter:card\" content=\"summary_large_image\" \/>\n<meta name=\"twitter:label1\" content=\"Dur\u00e9e de lecture estim\u00e9e\" \/>\n\t<meta name=\"twitter:data1\" content=\"3 minutes\" \/>\n<script type=\"application\/ld+json\" class=\"yoast-schema-graph\">{\"@context\":\"https:\/\/schema.org\",\"@graph\":[{\"@type\":\"WebPage\",\"@id\":\"https:\/\/cataci.com\/en\/recent-projects\/\",\"url\":\"https:\/\/cataci.com\/en\/recent-projects\/\",\"name\":\"Projets r\u00e9cents - Studio japonais de manga et d\u2019animation pour les marques, \u00e9diteurs et institutions | CATACI\",\"isPartOf\":{\"@id\":\"https:\/\/cataci.com\/en\/#website\"},\"primaryImageOfPage\":{\"@id\":\"https:\/\/cataci.com\/en\/recent-projects\/#primaryimage\"},\"image\":{\"@id\":\"https:\/\/cataci.com\/en\/recent-projects\/#primaryimage\"},\"thumbnailUrl\":\"https:\/\/cataci.com\/fr\/wp-content\/uploads\/2024\/09\/image003.jpg\",\"datePublished\":\"2024-03-28T14:05:05+00:00\",\"dateModified\":\"2024-12-20T23:35:17+00:00\",\"breadcrumb\":{\"@id\":\"https:\/\/cataci.com\/en\/recent-projects\/#breadcrumb\"},\"inLanguage\":\"fr-FR\",\"potentialAction\":[{\"@type\":\"ReadAction\",\"target\":[\"https:\/\/cataci.com\/en\/recent-projects\/\"]}]},{\"@type\":\"ImageObject\",\"inLanguage\":\"fr-FR\",\"@id\":\"https:\/\/cataci.com\/en\/recent-projects\/#primaryimage\",\"url\":\"https:\/\/cataci.com\/fr\/wp-content\/uploads\/2024\/09\/image003.jpg\",\"contentUrl\":\"https:\/\/cataci.com\/fr\/wp-content\/uploads\/2024\/09\/image003.jpg\",\"width\":750,\"height\":1056},{\"@type\":\"BreadcrumbList\",\"@id\":\"https:\/\/cataci.com\/en\/recent-projects\/#breadcrumb\",\"itemListElement\":[{\"@type\":\"ListItem\",\"position\":1,\"name\":\"Accueil\",\"item\":\"https:\/\/cataci.com\/fr\/\"},{\"@type\":\"ListItem\",\"position\":2,\"name\":\"Recent projects\"}]},{\"@type\":\"WebSite\",\"@id\":\"https:\/\/cataci.com\/en\/#website\",\"url\":\"https:\/\/cataci.com\/en\/\",\"name\":\"Studio japonais de manga et d\u2019animation pour les marques, \u00e9diteurs et institutions | CATACI\",\"description\":\"Sp\u00e9cialis\u00e9e dans la publicit\u00e9, les illustrations de livres et les m\u00e9dias sociaux\",\"potentialAction\":[{\"@type\":\"SearchAction\",\"target\":{\"@type\":\"EntryPoint\",\"urlTemplate\":\"https:\/\/cataci.com\/en\/?s={search_term_string}\"},\"query-input\":{\"@type\":\"PropertyValueSpecification\",\"valueRequired\":true,\"valueName\":\"search_term_string\"}}],\"inLanguage\":\"fr-FR\"}]}<\/script>\n<!-- \/ Yoast SEO plugin. -->","yoast_head_json":{"title":"Projets r\u00e9cents - Studio japonais de manga et d\u2019animation pour les marques, \u00e9diteurs et institutions | CATACI","robots":{"index":"index","follow":"follow","max-snippet":"max-snippet:-1","max-image-preview":"max-image-preview:large","max-video-preview":"max-video-preview:-1"},"canonical":"https:\/\/cataci.com\/en\/recent-projects\/","og_locale":"fr_FR","og_type":"article","og_title":"Projets r\u00e9cents - Studio japonais de manga et d\u2019animation pour les marques, \u00e9diteurs et institutions | CATACI","og_description":"Projets s\u00e9lectionn\u00e9s &lt;&lt; Scroll&gt;&gt; Knorr Publicit\u00e9 Marketing Xsolla Marketing Branding Graphismes Pearson Manuel scolaire Art num\u00e9rique Running press \/ Hachette Illustration de livre","og_url":"https:\/\/cataci.com\/en\/recent-projects\/","og_site_name":"Studio japonais de manga et d\u2019animation pour les marques, \u00e9diteurs et institutions | CATACI","article_modified_time":"2024-12-20T23:35:17+00:00","og_image":[{"url":"https:\/\/cataci.com\/en\/wp-content\/uploads\/2024\/09\/image003.jpg","type":"","width":"","height":""}],"twitter_card":"summary_large_image","twitter_misc":{"Dur\u00e9e de lecture estim\u00e9e":"3 minutes"},"schema":{"@context":"https:\/\/schema.org","@graph":[{"@type":"WebPage","@id":"https:\/\/cataci.com\/en\/recent-projects\/","url":"https:\/\/cataci.com\/en\/recent-projects\/","name":"Projets r\u00e9cents - Studio japonais de manga et d\u2019animation pour les marques, \u00e9diteurs et institutions | CATACI","isPartOf":{"@id":"https:\/\/cataci.com\/en\/#website"},"primaryImageOfPage":{"@id":"https:\/\/cataci.com\/en\/recent-projects\/#primaryimage"},"image":{"@id":"https:\/\/cataci.com\/en\/recent-projects\/#primaryimage"},"thumbnailUrl":"https:\/\/cataci.com\/fr\/wp-content\/uploads\/2024\/09\/image003.jpg","datePublished":"2024-03-28T14:05:05+00:00","dateModified":"2024-12-20T23:35:17+00:00","breadcrumb":{"@id":"https:\/\/cataci.com\/en\/recent-projects\/#breadcrumb"},"inLanguage":"fr-FR","potentialAction":[{"@type":"ReadAction","target":["https:\/\/cataci.com\/en\/recent-projects\/"]}]},{"@type":"ImageObject","inLanguage":"fr-FR","@id":"https:\/\/cataci.com\/en\/recent-projects\/#primaryimage","url":"https:\/\/cataci.com\/fr\/wp-content\/uploads\/2024\/09\/image003.jpg","contentUrl":"https:\/\/cataci.com\/fr\/wp-content\/uploads\/2024\/09\/image003.jpg","width":750,"height":1056},{"@type":"BreadcrumbList","@id":"https:\/\/cataci.com\/en\/recent-projects\/#breadcrumb","itemListElement":[{"@type":"ListItem","position":1,"name":"Accueil","item":"https:\/\/cataci.com\/fr\/"},{"@type":"ListItem","position":2,"name":"Recent projects"}]},{"@type":"WebSite","@id":"https:\/\/cataci.com\/en\/#website","url":"https:\/\/cataci.com\/en\/","name":"Studio japonais de manga et d\u2019animation pour les marques, \u00e9diteurs et institutions | CATACI","description":"Sp\u00e9cialis\u00e9e dans la publicit\u00e9, les illustrations de livres et les m\u00e9dias sociaux","potentialAction":[{"@type":"SearchAction","target":{"@type":"EntryPoint","urlTemplate":"https:\/\/cataci.com\/en\/?s={search_term_string}"},"query-input":{"@type":"PropertyValueSpecification","valueRequired":true,"valueName":"search_term_string"}}],"inLanguage":"fr-FR"}]}},"_links":{"self":[{"href":"https:\/\/cataci.com\/fr\/wp-json\/wp\/v2\/pages\/1252","targetHints":{"allow":["GET"]}}],"collection":[{"href":"https:\/\/cataci.com\/fr\/wp-json\/wp\/v2\/pages"}],"about":[{"href":"https:\/\/cataci.com\/fr\/wp-json\/wp\/v2\/types\/page"}],"author":[{"embeddable":true,"href":"https:\/\/cataci.com\/fr\/wp-json\/wp\/v2\/users\/1"}],"replies":[{"embeddable":true,"href":"https:\/\/cataci.com\/fr\/wp-json\/wp\/v2\/comments?post=1252"}],"version-history":[{"count":20,"href":"https:\/\/cataci.com\/fr\/wp-json\/wp\/v2\/pages\/1252\/revisions"}],"predecessor-version":[{"id":5566,"href":"https:\/\/cataci.com\/fr\/wp-json\/wp\/v2\/pages\/1252\/revisions\/5566"}],"wp:attachment":[{"href":"https:\/\/cataci.com\/fr\/wp-json\/wp\/v2\/media?parent=1252"}],"curies":[{"name":"wp","href":"https:\/\/api.w.org\/{rel}","templated":true}]}}