{"id":1244,"date":"2024-03-28T14:06:51","date_gmt":"2024-03-28T14:06:51","guid":{"rendered":"https:\/\/orbius.premiumthemes.in\/?page_id=1244"},"modified":"2024-12-21T01:32:34","modified_gmt":"2024-12-21T00:32:34","slug":"la-creation-de-la-publicite","status":"publish","type":"page","link":"https:\/\/cataci.com\/fr\/la-creation-de-la-publicite\/","title":{"rendered":"La cr\u00e9ation de la publicit\u00e9"},"content":{"rendered":"\t\t<div data-elementor-type=\"wp-page\" data-elementor-id=\"1244\" class=\"elementor elementor-1244\">\n\t\t\t\t<div class=\"elementor-element elementor-element-9046ac4 e-flex e-con-boxed e-con e-parent\" data-id=\"9046ac4\" data-element_type=\"container\" data-e-type=\"container\" data-settings=\"{&quot;mk_ext_is_sticky&quot;:&quot;false&quot;}\">\n\t\t\t\t\t<div class=\"e-con-inner\">\n\t\t\t\t<div class=\"elementor-element elementor-element-85cda07 elementor-widget elementor-widget-heading\" data-id=\"85cda07\" data-element_type=\"widget\" data-e-type=\"widget\" data-settings=\"{&quot;mk_ext_is_infinite&quot;:&quot;false&quot;,&quot;mk_ext_is_scrollme&quot;:&quot;false&quot;}\" data-widget_type=\"heading.default\">\n\t\t\t\t<div class=\"elementor-widget-container\">\n\t\t\t\t\t<h4 class=\"elementor-heading-title elementor-size-default\">La cr\u00e9ation de la publicit\u00e9<\/h4>\t\t\t\t<\/div>\n\t\t\t\t<\/div>\n\t\t\t\t\t<\/div>\n\t\t\t\t<\/div>\n\t\t<div class=\"elementor-element elementor-element-685f1150 e-flex e-con-boxed e-con e-parent\" data-id=\"685f1150\" data-element_type=\"container\" data-e-type=\"container\" data-settings=\"{&quot;mk_ext_is_sticky&quot;:&quot;false&quot;}\">\n\t\t\t\t\t<div class=\"e-con-inner\">\n\t\t\t\t<div class=\"elementor-element elementor-element-60077305 elementor-widget elementor-widget-mk_thumbnail_slider\" data-id=\"60077305\" data-element_type=\"widget\" data-e-type=\"widget\" data-settings=\"{&quot;mk_ext_is_infinite&quot;:&quot;false&quot;,&quot;mk_ext_is_scrollme&quot;:&quot;false&quot;}\" data-widget_type=\"mk_thumbnail_slider.default\">\n\t\t\t\t<div class=\"elementor-widget-container\">\n\t\t\t\t\t<div class=\"swiper swiper-container mk-thumbnail-slider\" data-settings=\"{&quot;direction&quot;:&quot;horizontal&quot;,&quot;parallax&quot;:&quot;no&quot;,&quot;effect&quot;:&quot;fade&quot;,&quot;dots&quot;:&quot;yes&quot;,&quot;autoplay&quot;:&quot;&quot;,&quot;autoplay_speed&quot;:5000,&quot;speed&quot;:300,&quot;mousewheel&quot;:&quot;no&quot;,&quot;loop&quot;:&quot;&quot;,&quot;pause_on_hover&quot;:null,&quot;slides_to_show&quot;:1,&quot;arrows_on&quot;:&quot;no&quot;,&quot;slider_pagination&quot;:&quot;.swiper-pagination&quot;,&quot;video&quot;:&quot;no&quot;}\" data-thumbimage=\"{&quot;1&quot;:&quot;https:\\\/\\\/cataci.com\\\/fr\\\/wp-content\\\/uploads\\\/2024\\\/09\\\/knorr-correct-268.jpg&quot;,&quot;2&quot;:&quot;https:\\\/\\\/cataci.com\\\/fr\\\/wp-content\\\/uploads\\\/2024\\\/09\\\/smile-patterns-268-1.jpg&quot;,&quot;3&quot;:&quot;https:\\\/\\\/cataci.com\\\/fr\\\/wp-content\\\/uploads\\\/2024\\\/09\\\/short-manga-268.jpg&quot;,&quot;4&quot;:&quot;https:\\\/\\\/cataci.com\\\/fr\\\/wp-content\\\/uploads\\\/2024\\\/09\\\/ramen-eating-268.jpg&quot;,&quot;5&quot;:&quot;https:\\\/\\\/cataci.com\\\/fr\\\/wp-content\\\/uploads\\\/2024\\\/09\\\/final-268.jpg&quot;}\" id=\"swiper-60077305\">\r\n                <div class=\"swiper-wrapper\"><div class=\"mk-swiper-item swiper-slide\">\r\n                    <div class=\"mk-thumbnail-slider-overlay\"><\/div>\r\n                    <div class=\"slide-inner\">\r\n                        <div class=\"mk-thumbnail-slider-img swm-hide-mobile \" style=\"background-image:url(https:\/\/cataci.com\/fr\/wp-content\/uploads\/2024\/10\/knorr-tall-722x1024.jpg);\"><\/div>\r\n                        <div class=\"mk-thumbnail-slider-content\">\r\n                            \r\n                            <div class=\"mk-thumbnail-slider-titleSection\"><p class=\"mk-thumbnail-slider-title swm-hide-none\"><a href=\"https:\/\/cataci.com\/en\/portfolio-item\/ocean-mist-2\/\"><h6>L'ann\u00e9e derni\u00e8re, nous avons eu l'opportunit\u00e9 de travailler sur une campagne publicitaire pour Knorr. Dans le cadre de la promotion de leurs nouilles en cup \"3 minutes vers l'Asie\", Knorr nous a contact\u00e9s via leur agence pour d\u00e9velopper un personnage manga unique pour la campagne. Voici un exemple de la mani\u00e8re dont nous donnons vie aux publicit\u00e9s en style manga.<\/h6><\/a><\/p><\/div>\r\n                        <\/div>\r\n                    <\/div>\r\n                <\/div><div class=\"mk-swiper-item swiper-slide\">\r\n                    <div class=\"mk-thumbnail-slider-overlay\"><\/div>\r\n                    <div class=\"slide-inner\">\r\n                        <div class=\"mk-thumbnail-slider-img swm-hide-mobile \" style=\"background-image:url(https:\/\/cataci.com\/fr\/wp-content\/uploads\/2024\/09\/smile-patterns-764-1-722x1024.jpg);\"><\/div>\r\n                        <div class=\"mk-thumbnail-slider-content\">\r\n                            <div class=\"mk-thumbnail-slider-subtitle swm-hide-none\"><a href=\"https:\/\/cataci.com\/en\/portfolio-item\/urban-blend\/\"><b>Quel sourire?<\/b><\/a><\/div>\r\n                            <div class=\"mk-thumbnail-slider-titleSection\"><p class=\"mk-thumbnail-slider-title swm-hide-none\"><a href=\"https:\/\/cataci.com\/en\/portfolio-item\/urban-blend\/\"><h6>Le client souhaitait que le personnage principal ait un sourire, et nous avons propos\u00e9 trois variations diff\u00e9rentes. Finalement, le client a choisi la version avec les yeux ouverts, car elle offrait une sensation plus communicative et expressive.<\/h6><\/a><\/p><\/div>\r\n                        <\/div>\r\n                    <\/div>\r\n                <\/div><div class=\"mk-swiper-item swiper-slide\">\r\n                    <div class=\"mk-thumbnail-slider-overlay\"><\/div>\r\n                    <div class=\"slide-inner\">\r\n                        <div class=\"mk-thumbnail-slider-img swm-hide-mobile \" style=\"background-image:url(https:\/\/cataci.com\/fr\/wp-content\/uploads\/2024\/09\/manga-story-space-mm-722x1024.jpg);\"><\/div>\r\n                        <div class=\"mk-thumbnail-slider-content\">\r\n                            <div class=\"mk-thumbnail-slider-subtitle swm-hide-none\"><a href=\"https:\/\/cataci.com\/en\/portfolio-item\/cloud-scape\/\"><b>Court manga<\/b><\/a><\/div>\r\n                            <div class=\"mk-thumbnail-slider-titleSection\"><p class=\"mk-thumbnail-slider-title swm-hide-none\"><a href=\"https:\/\/cataci.com\/en\/portfolio-item\/cloud-scape\/\"><h6>En suivant le sc\u00e9nario fourni par l'agence publicitaire, nous avons cr\u00e9\u00e9 un court manga. L'histoire tourne autour d'un \u00e9tudiant universitaire de 22 ans qui rentre chez lui apr\u00e8s une longue journ\u00e9e sur le campus, affam\u00e9. Il pense imm\u00e9diatement \u00e0 la soupe de nouilles en cup, et en seulement 3 minutes, elle est pr\u00eate. L'\u00e9tudiant est ravi en d\u00e9gustant son repas.<\/h6><\/a><\/p><\/div>\r\n                        <\/div>\r\n                    <\/div>\r\n                <\/div><div class=\"mk-swiper-item swiper-slide\">\r\n                    <div class=\"mk-thumbnail-slider-overlay\"><\/div>\r\n                    <div class=\"slide-inner\">\r\n                        <div class=\"mk-thumbnail-slider-img swm-hide-mobile \" style=\"background-image:url(https:\/\/cataci.com\/fr\/wp-content\/uploads\/2024\/09\/ramen-eating-764-722x1024.jpg);\"><\/div>\r\n                        <div class=\"mk-thumbnail-slider-content\">\r\n                            <div class=\"mk-thumbnail-slider-subtitle swm-hide-none\"><a href=\"https:\/\/cataci.com\/en\/portfolio-item\/earth-bound-2\/\"><b>Encore quelques retouches<\/b><\/a><\/div>\r\n                            <div class=\"mk-thumbnail-slider-titleSection\"><p class=\"mk-thumbnail-slider-title swm-hide-none\"><a href=\"https:\/\/cataci.com\/en\/portfolio-item\/earth-bound-2\/\"><h6>Apr\u00e8s discussion avec le client, ils ont demand\u00e9 que le personnage soit repr\u00e9sent\u00e9 comme plus \u00e2g\u00e9 et v\u00eatu d'une chemise blanche plut\u00f4t que d'un sweat \u00e0 capuche. Ils ont \u00e9galement pr\u00e9f\u00e9r\u00e9 que les nouilles ne soient pas montr\u00e9es dans la bouche du personnage. En outre, le client souhaitait incorporer des \u00e9l\u00e9ments repr\u00e9sentant le Japon. En r\u00e9ponse, nous avons inclus des images du Mont Fuji, d\u2019un sanctuaire traditionnel et de fleurs de cerisier en arri\u00e8re-plan.<\/h6><\/a><\/p><\/div>\r\n                        <\/div>\r\n                    <\/div>\r\n                <\/div><div class=\"mk-swiper-item swiper-slide\">\r\n                    <div class=\"mk-thumbnail-slider-overlay\"><\/div>\r\n                    <div class=\"slide-inner\">\r\n                        <div class=\"mk-thumbnail-slider-img swm-hide-mobile \" style=\"background-image:url(https:\/\/cataci.com\/fr\/wp-content\/uploads\/2024\/09\/final-764-722x1024.jpg);\"><\/div>\r\n                        <div class=\"mk-thumbnail-slider-content\">\r\n                            <div class=\"mk-thumbnail-slider-subtitle swm-hide-none\"><a href=\"#\"><b>Termin\u00e9!<\/b><\/a><\/div>\r\n                            <div class=\"mk-thumbnail-slider-titleSection\"><p class=\"mk-thumbnail-slider-title swm-hide-none\"><a href=\"#\"><h6>Voici la version finale ! Nous avons r\u00e9vis\u00e9 l\u2019illustration en fonction des retours du client, et tout le monde \u00e9tait tr\u00e8s satisfait du r\u00e9sultat.<\/h6><\/a><\/p><\/div>\r\n                        <\/div>\r\n                    <\/div>\r\n                <\/div><\/div><div class=\"slider-navigation swm-hide-none\"><div class=\"swiper-pagination\"><\/div><\/div>\r\n            <\/div>\t\t\t\t<\/div>\n\t\t\t\t<\/div>\n\t\t\t\t\t<\/div>\n\t\t\t\t<\/div>\n\t\t<div class=\"elementor-element elementor-element-1becf73 e-grid e-con-boxed e-con e-parent\" data-id=\"1becf73\" data-element_type=\"container\" data-e-type=\"container\" data-settings=\"{&quot;mk_ext_is_sticky&quot;:&quot;false&quot;}\">\n\t\t\t\t\t<div class=\"e-con-inner\">\n\t\t\t\t<div class=\"elementor-element elementor-element-f6db96a elementor-widget elementor-widget-image\" data-id=\"f6db96a\" data-element_type=\"widget\" data-e-type=\"widget\" data-settings=\"{&quot;mk_ext_is_infinite&quot;:&quot;false&quot;,&quot;mk_ext_is_scrollme&quot;:&quot;false&quot;}\" data-widget_type=\"image.default\">\n\t\t\t\t<div class=\"elementor-widget-container\">\n\t\t\t\t\t\t\t\t\t\t\t\t\t\t\t<img fetchpriority=\"high\" decoding=\"async\" width=\"1024\" height=\"768\" src=\"https:\/\/cataci.com\/fr\/wp-content\/uploads\/2024\/09\/IMG_9403-1024x768.jpg\" class=\"attachment-large size-large wp-image-4290\" alt=\"\" srcset=\"https:\/\/cataci.com\/fr\/wp-content\/uploads\/2024\/09\/IMG_9403-1024x768.jpg 1024w, https:\/\/cataci.com\/fr\/wp-content\/uploads\/2024\/09\/IMG_9403-300x225.jpg 300w, https:\/\/cataci.com\/fr\/wp-content\/uploads\/2024\/09\/IMG_9403-768x576.jpg 768w, https:\/\/cataci.com\/fr\/wp-content\/uploads\/2024\/09\/IMG_9403-1536x1152.jpg 1536w, https:\/\/cataci.com\/fr\/wp-content\/uploads\/2024\/09\/IMG_9403-2048x1536.jpg 2048w\" sizes=\"(max-width: 1024px) 100vw, 1024px\" \/>\t\t\t\t\t\t\t\t\t\t\t\t\t\t\t<\/div>\n\t\t\t\t<\/div>\n\t\t\t\t<div class=\"elementor-element elementor-element-3397057 elementor-widget elementor-widget-image\" data-id=\"3397057\" data-element_type=\"widget\" data-e-type=\"widget\" data-settings=\"{&quot;mk_ext_is_infinite&quot;:&quot;false&quot;,&quot;mk_ext_is_scrollme&quot;:&quot;false&quot;}\" data-widget_type=\"image.default\">\n\t\t\t\t<div class=\"elementor-widget-container\">\n\t\t\t\t\t\t\t\t\t\t\t\t\t\t\t<img decoding=\"async\" width=\"1024\" height=\"768\" src=\"https:\/\/cataci.com\/fr\/wp-content\/uploads\/2024\/09\/IMG_9397-1024x768.jpg\" class=\"attachment-large size-large wp-image-4287\" alt=\"\" srcset=\"https:\/\/cataci.com\/fr\/wp-content\/uploads\/2024\/09\/IMG_9397-1024x768.jpg 1024w, https:\/\/cataci.com\/fr\/wp-content\/uploads\/2024\/09\/IMG_9397-300x225.jpg 300w, https:\/\/cataci.com\/fr\/wp-content\/uploads\/2024\/09\/IMG_9397-768x576.jpg 768w, https:\/\/cataci.com\/fr\/wp-content\/uploads\/2024\/09\/IMG_9397-1536x1152.jpg 1536w, https:\/\/cataci.com\/fr\/wp-content\/uploads\/2024\/09\/IMG_9397-2048x1536.jpg 2048w\" sizes=\"(max-width: 1024px) 100vw, 1024px\" \/>\t\t\t\t\t\t\t\t\t\t\t\t\t\t\t<\/div>\n\t\t\t\t<\/div>\n\t\t\t\t<div class=\"elementor-element elementor-element-63a2bd2 elementor-widget elementor-widget-image\" data-id=\"63a2bd2\" data-element_type=\"widget\" data-e-type=\"widget\" data-settings=\"{&quot;mk_ext_is_infinite&quot;:&quot;false&quot;,&quot;mk_ext_is_scrollme&quot;:&quot;false&quot;}\" data-widget_type=\"image.default\">\n\t\t\t\t<div class=\"elementor-widget-container\">\n\t\t\t\t\t\t\t\t\t\t\t\t\t\t\t<img decoding=\"async\" width=\"1024\" height=\"768\" src=\"https:\/\/cataci.com\/fr\/wp-content\/uploads\/2024\/09\/street-ad-1024x768.jpg\" class=\"attachment-large size-large wp-image-4767\" alt=\"\" srcset=\"https:\/\/cataci.com\/fr\/wp-content\/uploads\/2024\/09\/street-ad-1024x768.jpg 1024w, https:\/\/cataci.com\/fr\/wp-content\/uploads\/2024\/09\/street-ad-300x225.jpg 300w, https:\/\/cataci.com\/fr\/wp-content\/uploads\/2024\/09\/street-ad-768x576.jpg 768w, https:\/\/cataci.com\/fr\/wp-content\/uploads\/2024\/09\/street-ad.jpg 1280w\" sizes=\"(max-width: 1024px) 100vw, 1024px\" \/>\t\t\t\t\t\t\t\t\t\t\t\t\t\t\t<\/div>\n\t\t\t\t<\/div>\n\t\t\t\t\t<\/div>\n\t\t\t\t<\/div>\n\t\t\t\t<\/div>\n\t\t","protected":false},"excerpt":{"rendered":"<p>La cr\u00e9ation de la publicit\u00e9 L&rsquo;ann\u00e9e derni\u00e8re, nous avons eu l&rsquo;opportunit\u00e9 de travailler sur une campagne publicitaire pour Knorr. Dans le cadre de la promotion de leurs nouilles en cup \u00ab\u00a03 minutes vers l&rsquo;Asie\u00a0\u00bb, Knorr nous a contact\u00e9s via leur agence pour d\u00e9velopper un personnage manga unique pour la campagne. [&hellip;]<\/p>\n","protected":false},"author":1,"featured_media":0,"parent":0,"menu_order":0,"comment_status":"closed","ping_status":"closed","template":"elementor_header_footer","meta":{"footnotes":""},"class_list":["post-1244","page","type-page","status-publish","hentry"],"yoast_head":"<!-- This site is optimized with the Yoast SEO plugin v24.1 - https:\/\/yoast.com\/wordpress\/plugins\/seo\/ -->\n<title>La cr\u00e9ation de la publicit\u00e9 - Studio japonais de manga et d\u2019animation pour les marques, \u00e9diteurs et institutions | CATACI<\/title>\n<meta name=\"robots\" content=\"index, follow, max-snippet:-1, max-image-preview:large, max-video-preview:-1\" \/>\n<link rel=\"canonical\" href=\"https:\/\/cataci.com\/en\/making-of-manga-advertisement\/\" \/>\n<meta property=\"og:locale\" content=\"fr_FR\" \/>\n<meta property=\"og:type\" content=\"article\" \/>\n<meta property=\"og:title\" content=\"La cr\u00e9ation de la publicit\u00e9 - Studio japonais de manga et d\u2019animation pour les marques, \u00e9diteurs et institutions | CATACI\" \/>\n<meta property=\"og:description\" content=\"La cr\u00e9ation de la publicit\u00e9 L&rsquo;ann\u00e9e derni\u00e8re, nous avons eu l&rsquo;opportunit\u00e9 de travailler sur une campagne publicitaire pour Knorr. Dans le cadre de la promotion de leurs nouilles en cup \u00ab\u00a03 minutes vers l&rsquo;Asie\u00a0\u00bb, Knorr nous a contact\u00e9s via leur agence pour d\u00e9velopper un personnage manga unique pour la campagne. [&hellip;]\" \/>\n<meta property=\"og:url\" content=\"https:\/\/cataci.com\/en\/making-of-manga-advertisement\/\" \/>\n<meta property=\"og:site_name\" content=\"Studio japonais de manga et d\u2019animation pour les marques, \u00e9diteurs et institutions | CATACI\" \/>\n<meta property=\"article:modified_time\" content=\"2024-12-21T00:32:34+00:00\" \/>\n<meta property=\"og:image\" content=\"https:\/\/cataci.com\/en\/wp-content\/uploads\/2024\/09\/IMG_9403-1024x768.jpg\" \/>\n<meta name=\"twitter:card\" content=\"summary_large_image\" \/>\n<meta name=\"twitter:label1\" content=\"Dur\u00e9e de lecture estim\u00e9e\" \/>\n\t<meta name=\"twitter:data1\" content=\"3 minutes\" \/>\n<script type=\"application\/ld+json\" class=\"yoast-schema-graph\">{\"@context\":\"https:\/\/schema.org\",\"@graph\":[{\"@type\":\"WebPage\",\"@id\":\"https:\/\/cataci.com\/en\/making-of-manga-advertisement\/\",\"url\":\"https:\/\/cataci.com\/en\/making-of-manga-advertisement\/\",\"name\":\"La cr\u00e9ation de la publicit\u00e9 - Studio japonais de manga et d\u2019animation pour les marques, \u00e9diteurs et institutions | CATACI\",\"isPartOf\":{\"@id\":\"https:\/\/cataci.com\/en\/#website\"},\"primaryImageOfPage\":{\"@id\":\"https:\/\/cataci.com\/en\/making-of-manga-advertisement\/#primaryimage\"},\"image\":{\"@id\":\"https:\/\/cataci.com\/en\/making-of-manga-advertisement\/#primaryimage\"},\"thumbnailUrl\":\"https:\/\/cataci.com\/fr\/wp-content\/uploads\/2024\/09\/IMG_9403-1024x768.jpg\",\"datePublished\":\"2024-03-28T14:06:51+00:00\",\"dateModified\":\"2024-12-21T00:32:34+00:00\",\"breadcrumb\":{\"@id\":\"https:\/\/cataci.com\/en\/making-of-manga-advertisement\/#breadcrumb\"},\"inLanguage\":\"fr-FR\",\"potentialAction\":[{\"@type\":\"ReadAction\",\"target\":[\"https:\/\/cataci.com\/en\/making-of-manga-advertisement\/\"]}]},{\"@type\":\"ImageObject\",\"inLanguage\":\"fr-FR\",\"@id\":\"https:\/\/cataci.com\/en\/making-of-manga-advertisement\/#primaryimage\",\"url\":\"https:\/\/cataci.com\/fr\/wp-content\/uploads\/2024\/09\/IMG_9403-scaled.jpg\",\"contentUrl\":\"https:\/\/cataci.com\/fr\/wp-content\/uploads\/2024\/09\/IMG_9403-scaled.jpg\",\"width\":2560,\"height\":1920},{\"@type\":\"BreadcrumbList\",\"@id\":\"https:\/\/cataci.com\/en\/making-of-manga-advertisement\/#breadcrumb\",\"itemListElement\":[{\"@type\":\"ListItem\",\"position\":1,\"name\":\"Accueil\",\"item\":\"https:\/\/cataci.com\/fr\/\"},{\"@type\":\"ListItem\",\"position\":2,\"name\":\"The Making of the Manga Advertisement\"}]},{\"@type\":\"WebSite\",\"@id\":\"https:\/\/cataci.com\/en\/#website\",\"url\":\"https:\/\/cataci.com\/en\/\",\"name\":\"Studio japonais de manga et d\u2019animation pour les marques, \u00e9diteurs et institutions | CATACI\",\"description\":\"Sp\u00e9cialis\u00e9e dans la publicit\u00e9, les illustrations de livres et les m\u00e9dias sociaux\",\"potentialAction\":[{\"@type\":\"SearchAction\",\"target\":{\"@type\":\"EntryPoint\",\"urlTemplate\":\"https:\/\/cataci.com\/en\/?s={search_term_string}\"},\"query-input\":{\"@type\":\"PropertyValueSpecification\",\"valueRequired\":true,\"valueName\":\"search_term_string\"}}],\"inLanguage\":\"fr-FR\"}]}<\/script>\n<!-- \/ Yoast SEO plugin. -->","yoast_head_json":{"title":"La cr\u00e9ation de la publicit\u00e9 - Studio japonais de manga et d\u2019animation pour les marques, \u00e9diteurs et institutions | CATACI","robots":{"index":"index","follow":"follow","max-snippet":"max-snippet:-1","max-image-preview":"max-image-preview:large","max-video-preview":"max-video-preview:-1"},"canonical":"https:\/\/cataci.com\/en\/making-of-manga-advertisement\/","og_locale":"fr_FR","og_type":"article","og_title":"La cr\u00e9ation de la publicit\u00e9 - Studio japonais de manga et d\u2019animation pour les marques, \u00e9diteurs et institutions | CATACI","og_description":"La cr\u00e9ation de la publicit\u00e9 L&rsquo;ann\u00e9e derni\u00e8re, nous avons eu l&rsquo;opportunit\u00e9 de travailler sur une campagne publicitaire pour Knorr. Dans le cadre de la promotion de leurs nouilles en cup \u00ab\u00a03 minutes vers l&rsquo;Asie\u00a0\u00bb, Knorr nous a contact\u00e9s via leur agence pour d\u00e9velopper un personnage manga unique pour la campagne. [&hellip;]","og_url":"https:\/\/cataci.com\/en\/making-of-manga-advertisement\/","og_site_name":"Studio japonais de manga et d\u2019animation pour les marques, \u00e9diteurs et institutions | CATACI","article_modified_time":"2024-12-21T00:32:34+00:00","og_image":[{"url":"https:\/\/cataci.com\/en\/wp-content\/uploads\/2024\/09\/IMG_9403-1024x768.jpg","type":"","width":"","height":""}],"twitter_card":"summary_large_image","twitter_misc":{"Dur\u00e9e de lecture estim\u00e9e":"3 minutes"},"schema":{"@context":"https:\/\/schema.org","@graph":[{"@type":"WebPage","@id":"https:\/\/cataci.com\/en\/making-of-manga-advertisement\/","url":"https:\/\/cataci.com\/en\/making-of-manga-advertisement\/","name":"La cr\u00e9ation de la publicit\u00e9 - Studio japonais de manga et d\u2019animation pour les marques, \u00e9diteurs et institutions | CATACI","isPartOf":{"@id":"https:\/\/cataci.com\/en\/#website"},"primaryImageOfPage":{"@id":"https:\/\/cataci.com\/en\/making-of-manga-advertisement\/#primaryimage"},"image":{"@id":"https:\/\/cataci.com\/en\/making-of-manga-advertisement\/#primaryimage"},"thumbnailUrl":"https:\/\/cataci.com\/fr\/wp-content\/uploads\/2024\/09\/IMG_9403-1024x768.jpg","datePublished":"2024-03-28T14:06:51+00:00","dateModified":"2024-12-21T00:32:34+00:00","breadcrumb":{"@id":"https:\/\/cataci.com\/en\/making-of-manga-advertisement\/#breadcrumb"},"inLanguage":"fr-FR","potentialAction":[{"@type":"ReadAction","target":["https:\/\/cataci.com\/en\/making-of-manga-advertisement\/"]}]},{"@type":"ImageObject","inLanguage":"fr-FR","@id":"https:\/\/cataci.com\/en\/making-of-manga-advertisement\/#primaryimage","url":"https:\/\/cataci.com\/fr\/wp-content\/uploads\/2024\/09\/IMG_9403-scaled.jpg","contentUrl":"https:\/\/cataci.com\/fr\/wp-content\/uploads\/2024\/09\/IMG_9403-scaled.jpg","width":2560,"height":1920},{"@type":"BreadcrumbList","@id":"https:\/\/cataci.com\/en\/making-of-manga-advertisement\/#breadcrumb","itemListElement":[{"@type":"ListItem","position":1,"name":"Accueil","item":"https:\/\/cataci.com\/fr\/"},{"@type":"ListItem","position":2,"name":"The Making of the Manga Advertisement"}]},{"@type":"WebSite","@id":"https:\/\/cataci.com\/en\/#website","url":"https:\/\/cataci.com\/en\/","name":"Studio japonais de manga et d\u2019animation pour les marques, \u00e9diteurs et institutions | CATACI","description":"Sp\u00e9cialis\u00e9e dans la publicit\u00e9, les illustrations de livres et les m\u00e9dias sociaux","potentialAction":[{"@type":"SearchAction","target":{"@type":"EntryPoint","urlTemplate":"https:\/\/cataci.com\/en\/?s={search_term_string}"},"query-input":{"@type":"PropertyValueSpecification","valueRequired":true,"valueName":"search_term_string"}}],"inLanguage":"fr-FR"}]}},"_links":{"self":[{"href":"https:\/\/cataci.com\/fr\/wp-json\/wp\/v2\/pages\/1244","targetHints":{"allow":["GET"]}}],"collection":[{"href":"https:\/\/cataci.com\/fr\/wp-json\/wp\/v2\/pages"}],"about":[{"href":"https:\/\/cataci.com\/fr\/wp-json\/wp\/v2\/types\/page"}],"author":[{"embeddable":true,"href":"https:\/\/cataci.com\/fr\/wp-json\/wp\/v2\/users\/1"}],"replies":[{"embeddable":true,"href":"https:\/\/cataci.com\/fr\/wp-json\/wp\/v2\/comments?post=1244"}],"version-history":[{"count":17,"href":"https:\/\/cataci.com\/fr\/wp-json\/wp\/v2\/pages\/1244\/revisions"}],"predecessor-version":[{"id":5574,"href":"https:\/\/cataci.com\/fr\/wp-json\/wp\/v2\/pages\/1244\/revisions\/5574"}],"wp:attachment":[{"href":"https:\/\/cataci.com\/fr\/wp-json\/wp\/v2\/media?parent=1244"}],"curies":[{"name":"wp","href":"https:\/\/api.w.org\/{rel}","templated":true}]}}